{"id":24,"date":"2026-03-18T20:25:09","date_gmt":"2026-03-18T19:25:09","guid":{"rendered":"https:\/\/kaicenformacion-online.es\/startseite\/"},"modified":"2026-03-26T14:12:46","modified_gmt":"2026-03-26T13:12:46","slug":"startseite","status":"publish","type":"page","link":"https:\/\/kaicenformacion-online.es\/de\/","title":{"rendered":"Startseite"},"content":{"rendered":"","protected":false},"excerpt":{"rendered":"","protected":false},"author":1,"featured_media":0,"parent":0,"menu_order":0,"comment_status":"closed","ping_status":"closed","template":"","meta":{"inline_featured_image":false,"footnotes":""},"class_list":["post-24","page","type-page","status-publish","hentry"],"yoast_head":"<!-- This site is optimized with the Yoast SEO plugin v27.2 - https:\/\/yoast.com\/product\/yoast-seo-wordpress\/ -->\n<title>Architekten auf Mallorca f\u00fcr Luxusvillen | CMP Architekten<\/title>\n<meta name=\"description\" content=\"Architekturb\u00fcro auf Mallorca, spezialisiert auf ma\u00dfgeschneiderte Luxusimmobilien. Planung und schl\u00fcsselfertige Realisierung exklusiver Villen.\" \/>\n<meta name=\"robots\" content=\"noindex, follow, max-snippet:-1, max-image-preview:large, max-video-preview:-1\" \/>\n<meta property=\"og:locale\" content=\"de_DE\" \/>\n<meta property=\"og:type\" content=\"article\" \/>\n<meta property=\"og:title\" content=\"Architekten auf Mallorca f\u00fcr Luxusvillen | CMP Architekten\" \/>\n<meta property=\"og:description\" content=\"Architekturb\u00fcro auf Mallorca, spezialisiert auf ma\u00dfgeschneiderte Luxusimmobilien. Planung und schl\u00fcsselfertige Realisierung exklusiver Villen.\" \/>\n<meta property=\"og:url\" content=\"https:\/\/kaicenformacion-online.es\/de\/\" \/>\n<meta property=\"og:site_name\" content=\"Cmp Architekten\" \/>\n<meta property=\"article:modified_time\" content=\"2026-03-26T13:12:46+00:00\" \/>\n<meta name=\"twitter:card\" content=\"summary_large_image\" \/>\n<meta name=\"twitter:label1\" content=\"Gesch\u00e4tzte Lesezeit\" \/>\n\t<meta name=\"twitter:data1\" content=\"10\u00a0Minuten\" \/>\n<script type=\"application\/ld+json\" class=\"yoast-schema-graph\">{\"@context\":\"https:\/\/schema.org\",\"@graph\":[{\"@type\":\"WebPage\",\"@id\":\"https:\/\/kaicenformacion-online.es\/de\/\",\"url\":\"https:\/\/kaicenformacion-online.es\/de\/\",\"name\":\"Architekten auf Mallorca f\u00fcr Luxusvillen | CMP Architekten\",\"isPartOf\":{\"@id\":\"https:\/\/kaicenformacion-online.es\/de\/#website\"},\"datePublished\":\"2026-03-18T19:25:09+00:00\",\"dateModified\":\"2026-03-26T13:12:46+00:00\",\"description\":\"Architekturb\u00fcro auf Mallorca, spezialisiert auf ma\u00dfgeschneiderte Luxusimmobilien. Planung und schl\u00fcsselfertige Realisierung exklusiver Villen.\",\"breadcrumb\":{\"@id\":\"https:\/\/kaicenformacion-online.es\/de\/#breadcrumb\"},\"inLanguage\":\"de\",\"potentialAction\":[{\"@type\":\"ReadAction\",\"target\":[\"https:\/\/kaicenformacion-online.es\/de\/\"]}]},{\"@type\":\"BreadcrumbList\",\"@id\":\"https:\/\/kaicenformacion-online.es\/de\/#breadcrumb\",\"itemListElement\":[{\"@type\":\"ListItem\",\"position\":1,\"name\":\"Portada\",\"item\":\"https:\/\/kaicenformacion-online.es\/de\/\"},{\"@type\":\"ListItem\",\"position\":2,\"name\":\"Startseite\"}]},{\"@type\":\"WebSite\",\"@id\":\"https:\/\/kaicenformacion-online.es\/de\/#website\",\"url\":\"https:\/\/kaicenformacion-online.es\/de\/\",\"name\":\"Cmp Architekten\",\"description\":\"\",\"potentialAction\":[{\"@type\":\"SearchAction\",\"target\":{\"@type\":\"EntryPoint\",\"urlTemplate\":\"https:\/\/kaicenformacion-online.es\/de\/?s={search_term_string}\"},\"query-input\":{\"@type\":\"PropertyValueSpecification\",\"valueRequired\":true,\"valueName\":\"search_term_string\"}}],\"inLanguage\":\"de\"}]}<\/script>\n<!-- \/ Yoast SEO plugin. -->","yoast_head_json":{"title":"Architekten auf Mallorca f\u00fcr Luxusvillen | CMP Architekten","description":"Architekturb\u00fcro auf Mallorca, spezialisiert auf ma\u00dfgeschneiderte Luxusimmobilien. Planung und schl\u00fcsselfertige Realisierung exklusiver Villen.","robots":{"index":"noindex","follow":"follow","max-snippet":"max-snippet:-1","max-image-preview":"max-image-preview:large","max-video-preview":"max-video-preview:-1"},"og_locale":"de_DE","og_type":"article","og_title":"Architekten auf Mallorca f\u00fcr Luxusvillen | CMP Architekten","og_description":"Architekturb\u00fcro auf Mallorca, spezialisiert auf ma\u00dfgeschneiderte Luxusimmobilien. Planung und schl\u00fcsselfertige Realisierung exklusiver Villen.","og_url":"https:\/\/kaicenformacion-online.es\/de\/","og_site_name":"Cmp Architekten","article_modified_time":"2026-03-26T13:12:46+00:00","twitter_card":"summary_large_image","twitter_misc":{"Gesch\u00e4tzte Lesezeit":"10\u00a0Minuten"},"schema":{"@context":"https:\/\/schema.org","@graph":[{"@type":"WebPage","@id":"https:\/\/kaicenformacion-online.es\/de\/","url":"https:\/\/kaicenformacion-online.es\/de\/","name":"Architekten auf Mallorca f\u00fcr Luxusvillen | CMP Architekten","isPartOf":{"@id":"https:\/\/kaicenformacion-online.es\/de\/#website"},"datePublished":"2026-03-18T19:25:09+00:00","dateModified":"2026-03-26T13:12:46+00:00","description":"Architekturb\u00fcro auf Mallorca, spezialisiert auf ma\u00dfgeschneiderte Luxusimmobilien. Planung und schl\u00fcsselfertige Realisierung exklusiver Villen.","breadcrumb":{"@id":"https:\/\/kaicenformacion-online.es\/de\/#breadcrumb"},"inLanguage":"de","potentialAction":[{"@type":"ReadAction","target":["https:\/\/kaicenformacion-online.es\/de\/"]}]},{"@type":"BreadcrumbList","@id":"https:\/\/kaicenformacion-online.es\/de\/#breadcrumb","itemListElement":[{"@type":"ListItem","position":1,"name":"Portada","item":"https:\/\/kaicenformacion-online.es\/de\/"},{"@type":"ListItem","position":2,"name":"Startseite"}]},{"@type":"WebSite","@id":"https:\/\/kaicenformacion-online.es\/de\/#website","url":"https:\/\/kaicenformacion-online.es\/de\/","name":"Cmp Architekten","description":"","potentialAction":[{"@type":"SearchAction","target":{"@type":"EntryPoint","urlTemplate":"https:\/\/kaicenformacion-online.es\/de\/?s={search_term_string}"},"query-input":{"@type":"PropertyValueSpecification","valueRequired":true,"valueName":"search_term_string"}}],"inLanguage":"de"}]}},"_links":{"self":[{"href":"https:\/\/kaicenformacion-online.es\/de\/wp-json\/wp\/v2\/pages\/24","targetHints":{"allow":["GET"]}}],"collection":[{"href":"https:\/\/kaicenformacion-online.es\/de\/wp-json\/wp\/v2\/pages"}],"about":[{"href":"https:\/\/kaicenformacion-online.es\/de\/wp-json\/wp\/v2\/types\/page"}],"author":[{"embeddable":true,"href":"https:\/\/kaicenformacion-online.es\/de\/wp-json\/wp\/v2\/users\/1"}],"replies":[{"embeddable":true,"href":"https:\/\/kaicenformacion-online.es\/de\/wp-json\/wp\/v2\/comments?post=24"}],"version-history":[{"count":5,"href":"https:\/\/kaicenformacion-online.es\/de\/wp-json\/wp\/v2\/pages\/24\/revisions"}],"predecessor-version":[{"id":477,"href":"https:\/\/kaicenformacion-online.es\/de\/wp-json\/wp\/v2\/pages\/24\/revisions\/477"}],"wp:attachment":[{"href":"https:\/\/kaicenformacion-online.es\/de\/wp-json\/wp\/v2\/media?parent=24"}],"curies":[{"name":"wp","href":"https:\/\/api.w.org\/{rel}","templated":true}]}}